{"id":14,"date":"2020-01-08T21:59:04","date_gmt":"2020-01-08T21:59:04","guid":{"rendered":"https:\/\/graeber-diamant.de\/?page_id=14"},"modified":"2020-01-30T13:45:21","modified_gmt":"2020-01-30T13:45:21","slug":"service","status":"publish","type":"page","link":"https:\/\/graeber-diamant.de\/en\/service\/","title":{"rendered":"Service"},"content":{"rendered":"<div class=\"wpb-content-wrapper\"><div  class=\"vc_row vc-row-wrapper full_width_content dfd-fade-on-scroll\" data-parallax_sense=\"30\"><div class=\"wpb_row row\" >\n\t<div class=\"twelve columns vc-column-extra-class-69d9b87e58c52 vc_custom_1578950303758\" data-parallax_sense=\"30\">\n\t\t<div class=\"wpb_wrapper\">\n\t\t\t\n\t\t<\/div> \n\t<\/div> \n<\/div><div class=\"dfd-row-bg-wrapper-cover\"><div class=\"dfd-row-bg-wrap dfd-row-bg-image dfd_simple_image dfd-bg-lazy-load\" id=\"dfd-image-bg-69d9b87e591e6\"  data-bg-img=\"https:\/\/graeber-diamant.de\/wp-content\/uploads\/2020\/01\/laser.jpg\" data-mobile_enable=\"1\"><\/div><\/div><div class=\"dfd-row-bg-overlay\" style=\"opacity: 0.8;\"><\/div><script type=\"text\/javascript\">(function($) {$(\"head\").append(\"<style>#dfd-image-bg-69d9b87e591e6 {background-repeat: repeat;background-size: cover;background-attachment: scroll;}<\/style>\");})(jQuery);<\/script><\/div><!-- Row Backgrounds {} --><div class=\"upb_no_bg\" data-custom-vc-row=\"vc-row-wrapper\" data-fadeout=\"fadeout_row_value\" data-fadeout-percentage=\"30\" data-parallax-content=\"\" data-parallax-content-sense=\"30\" data-row-effect-mobile-disable=\"true\" data-img-parallax-mobile-disable=\"true\" data-rtl=\"false\"   ><\/div><div  class=\"vc_row vc-row-wrapper vc_custom_1579768361670\" data-parallax_sense=\"30\"><div class=\"wpb_row row\" >\n\t<div class=\"twelve columns vc-column-extra-class-69d9b87e59c1a vc_custom_1578937893940\" data-parallax_sense=\"30\">\n\t\t<div class=\"wpb_wrapper\">\n\t\t\t\n\t<div class=\"wpb_text_column wpb_content_element\" >\n\t\t<div class=\"wpb_wrapper\">\n\t\t\t<h2 class=\"widget-title\" style=\"text-align: center;\">SERVICE<\/h2>\n\n\t\t<\/div> \n\t<\/div> \r\n\t<div class=\"wpb_single_image wpb_content_element vc_align_center  wpb_animate_when_almost_visible wpb_fadeIn fadeIn vc_custom_1578940178761\" >\r\n\t\t<div class=\"wpb_wrapper\">\r\n\t\t\t\r\n\t\t\t<div class=\"vc_single_image-wrapper   vc_box_border_grey\" ><img loading=\"lazy\" decoding=\"async\" width=\"300\" height=\"51\" src=\"https:\/\/graeber-diamant.de\/wp-content\/uploads\/2020\/01\/seperator_red-300x51.png\" class=\"vc_single_image-img attachment-medium\" alt=\"\" title=\"seperator_red\" srcset=\"https:\/\/graeber-diamant.de\/wp-content\/uploads\/2020\/01\/seperator_red-300x51.png 300w, https:\/\/graeber-diamant.de\/wp-content\/uploads\/2020\/01\/seperator_red-768x130.png 768w, https:\/\/graeber-diamant.de\/wp-content\/uploads\/2020\/01\/seperator_red.png 864w\" sizes=\"(max-width: 300px) 100vw, 300px\" \/><\/div>\r\n\t\t\t\r\n\t\t<\/div>\r\n\t<\/div>\r\n\n\t<div class=\"wpb_text_column wpb_content_element\" >\n\t\t<div class=\"wpb_wrapper\">\n\t\t\t<h4 class=\"widget-title\" style=\"text-align: center;\">Unser Leistungsangebot<\/h4>\n\n\t\t<\/div> \n\t<\/div> <div class=\"dfd-spacer-module\"  data-units=\"px\" data-wide_resolution=\"1280\" data-wide_size=\"40\" data-normal_resolution=\"1024\" data-normal_size=\"40\" data-tablet_resolution=\"800\" data-tablet_size=\"40\" data-mobile_resolution=\"480\" data-mobile_size=\"40\" style=\"height: 40px;\"><\/div>\n\t<div class=\"wpb_text_column wpb_content_element\" >\n\t\t<div class=\"wpb_wrapper\">\n\t\t\t<p class=\"widget-title\" style=\"text-align: center;\">Graeber Diamantwerkzeuge GmbH bietet eine Vielzahl von Leistungen f\u00fcr Zerspanungswerkzeuge an. Von Standardanwendungen bis hin zu Sonderanfertigungen.<\/p>\n\n\t\t<\/div> \n\t<\/div> \n\t\t<\/div> \n\t<\/div> \n<\/div><div class=\"dfd-row-bg-overlay\" style=\"opacity: 0.8;\"><\/div><\/div><div  class=\"vc_row vc-row-wrapper full_width_content equal-height-columns aligh-content-verticaly\" data-parallax_sense=\"30\"><div class=\"wpb_row row\" >\n\t<div class=\"four columns vc-column-extra-class-69d9b87e5bb8d\" data-parallax_sense=\"30\">\n\t\t<div class=\"wpb_wrapper\">\n\t\t\t<div class=\"dfd-service-module-wrap\"><ul class=\"dfd-service-list dfd-equal-height-children dfd-mobile-keep-height clearfix icon-left full-width-elements\"><li class=\"dfd-service-item dfd-eq-height  cr-animate-gen\" data-animate-type = \"transition.fadeIn\"  style=\"border-style: none; border-color: ;\"><div class=\"dfd-service-front\" ><div class=\"dfd-vertical-aligned\"><div class=\"dfd-front-wrap\"><div class=\"dfd-service-icon\" data-animation=\"\" data-animation-delay=\"03\" style=\"font-size:24px;\"><img decoding=\"async\" class=\"dfd-service-img-icon\" alt=\"icon\" src=\"https:\/\/graeber-diamant.de\/wp-content\/uploads\/2020\/01\/slide_3-1024x683.jpg\"\/><\/div><\/div><\/div><\/div><div class=\"dfd-service-description dfd-service-back\" style=\"\"><div class=\"dfd-service-description-text dfd-vertical-aligned\" style=\"font-size:13px;line-height:18px;\"><h4 align=\"left\">Hochvakuuml\u00f6ten<\/h4>\n<p align=\"left\">In unserem Haus werden ausschlie\u00dflich alle CBN Werkzeuge hochvakuum gel\u00f6tet, was folgende Vorteile mit sich bringt:<\/p>\n<p align=\"left\">-gleichm\u00e4\u00dfige W\u00e4rmeeinbringung<\/p>\n<p align=\"left\">-geringe Spannungen im Bauteil<\/p>\n<p align=\"left\">-Verbindungsfestigkeit die den Grundwerkstoffen nahe kommen<\/p>\n<p align=\"left\">-d\u00fcnnwandige und formkomplexe Bauteile k\u00f6nnen besonders verzugsarm gef\u00fcgt werden<\/p>\n<\/div><\/div><\/li><\/ul><\/div>\n\t\t<\/div> \n\t<\/div> \n\n\t<div class=\"four columns vc-column-extra-class-69d9b87e5c338\" data-parallax_sense=\"30\">\n\t\t<div class=\"wpb_wrapper\">\n\t\t\t<div class=\"dfd-service-module-wrap\"><ul class=\"dfd-service-list dfd-equal-height-children dfd-mobile-keep-height clearfix icon-left full-width-elements\"><li class=\"dfd-service-item dfd-eq-height  cr-animate-gen\" data-animate-type = \"transition.fadeIn\"  style=\"border-style: none; border-color: ;\"><div class=\"dfd-service-front\" ><div class=\"dfd-vertical-aligned\"><div class=\"dfd-front-wrap\"><div class=\"dfd-service-icon\" data-animation=\"\" data-animation-delay=\"03\" style=\"font-size:24px;\"><img decoding=\"async\" class=\"dfd-service-img-icon\" alt=\"icon\" src=\"https:\/\/graeber-diamant.de\/wp-content\/uploads\/2020\/01\/agathon-1024x683.jpg\"\/><\/div><\/div><\/div><\/div><div class=\"dfd-service-description dfd-service-back\" style=\"\"><div class=\"dfd-service-description-text dfd-vertical-aligned\" style=\"font-size:13px;line-height:18px;\"><h4 align=\"left\">Schleifautomation<\/h4>\n<p align=\"left\">Unsere CBN-Standart Wendeschneidplatten werden alle auf mittlerweile zwei vollautomatisierten\u00a0Schleifautomaten hergestellt, dies garantiert h\u00f6chste Wiederholgenauigkeit in engsten Toleranzen.<\/p>\n<\/div><\/div><\/li><\/ul><\/div>\n\t\t<\/div> \n\t<\/div> \n\n\t<div class=\"four columns vc-column-extra-class-69d9b87e5ca34\" data-parallax_sense=\"30\">\n\t\t<div class=\"wpb_wrapper\">\n\t\t\t<div class=\"dfd-service-module-wrap\"><ul class=\"dfd-service-list dfd-equal-height-children dfd-mobile-keep-height clearfix icon-left full-width-elements\"><li class=\"dfd-service-item dfd-eq-height  cr-animate-gen\" data-animate-type = \"transition.fadeIn\"  style=\"border-style: none; border-color: ;\"><div class=\"dfd-service-front\" ><div class=\"dfd-vertical-aligned\"><div class=\"dfd-front-wrap\"><div class=\"dfd-service-icon\" data-animation=\"\" data-animation-delay=\"03\" style=\"font-size:24px;\"><img decoding=\"async\" class=\"dfd-service-img-icon\" alt=\"icon\" src=\"https:\/\/graeber-diamant.de\/wp-content\/uploads\/2020\/01\/laser-1024x683.jpg\"\/><\/div><\/div><\/div><\/div><div class=\"dfd-service-description dfd-service-back\" style=\"\"><div class=\"dfd-service-description-text dfd-vertical-aligned\" style=\"font-size:13px;line-height:18px;\"><h4>Lasertechnik<\/h4>\n<p>Die Lasertechnik ist die neuest Generation der PKD bearbeitung. Der wesentliche Vorteil ist, das der Laser das Korn schneidet, was bei der Drahterosion und beim schleifen nicht m\u00f6glich ist. Es ist m\u00f6glich kleinste Profile auch ohne Innenradien (Drahterosion) herzustellen.<\/p>\n<\/div><\/div><\/li><\/ul><\/div>\n\t\t<\/div> \n\t<\/div> \n<\/div><div class=\"dfd-row-bg-overlay\" style=\"opacity: 0.8;\"><\/div><\/div><div  class=\"vc_row vc-row-wrapper full_width_content equal-height-columns aligh-content-verticaly\" data-parallax_sense=\"30\"><div class=\"wpb_row row\" >\n\t<div class=\"four dfd_vc_hidden-xs columns vc-column-extra-class-69d9b87e5d2f5\" data-parallax_sense=\"30\">\n\t\t<div class=\"wpb_wrapper\">\n\t\t\t<div class=\"dfd-service-module-wrap\"><ul class=\"dfd-service-list dfd-equal-height-children dfd-mobile-keep-height clearfix icon-left full-width-elements\"><li class=\"dfd-service-item dfd-eq-height  cr-animate-gen\" data-animate-type = \"transition.fadeIn\"  style=\"border-style: none; border-color: ;\"><div class=\"dfd-service-front\" ><div class=\"dfd-vertical-aligned\"><div class=\"dfd-front-wrap\"><div class=\"dfd-service-icon\" data-animation=\"\" data-animation-delay=\"03\" style=\"font-size:24px;\"><img decoding=\"async\" class=\"dfd-service-img-icon\" alt=\"icon\" src=\"https:\/\/graeber-diamant.de\/wp-content\/uploads\/2020\/01\/maschinenreihe-1024x683.jpg\"\/><\/div><\/div><\/div><\/div><div class=\"dfd-service-description dfd-service-back\" style=\"\"><div class=\"dfd-service-description-text dfd-vertical-aligned\" style=\"font-size:13px;line-height:18px;\"><h4 align=\"left\">Erodierservice<\/h4>\n<\/div><\/div><\/li><\/ul><\/div>\n\t\t<\/div> \n\t<\/div> \n\n\t<div class=\"four columns vc-column-extra-class-69d9b87e5da4e\" data-parallax_sense=\"30\">\n\t\t<div class=\"wpb_wrapper\">\n\t\t\t<div class=\"dfd-service-module-wrap\"><ul class=\"dfd-service-list dfd-equal-height-children dfd-mobile-keep-height clearfix icon-left full-width-elements\"><li class=\"dfd-service-item dfd-eq-height  cr-animate-gen\" data-animate-type = \"transition.fadeIn\"  style=\"border-style: none; border-color: ;\"><div class=\"dfd-service-front\" ><div class=\"dfd-vertical-aligned\"><div class=\"dfd-front-wrap\"><div class=\"dfd-service-icon\" data-animation=\"\" data-animation-delay=\"03\" style=\"font-size:24px;\"><img decoding=\"async\" class=\"dfd-service-img-icon\" alt=\"icon\" src=\"https:\/\/graeber-diamant.de\/wp-content\/uploads\/2020\/01\/slide_2-1024x683.jpg\"\/><\/div><\/div><\/div><\/div><div class=\"dfd-service-description dfd-service-back\" style=\"\"><div class=\"dfd-service-description-text dfd-vertical-aligned\" style=\"font-size:13px;line-height:18px;\"><h4 align=\"left\">Messtechnik<\/h4>\n<\/div><\/div><\/li><\/ul><\/div>\n\t\t<\/div> \n\t<\/div> \n\n\t<div class=\"four columns vc-column-extra-class-69d9b87e5e12a\" data-parallax_sense=\"30\">\n\t\t<div class=\"wpb_wrapper\">\n\t\t\t<div class=\"dfd-service-module-wrap\"><ul class=\"dfd-service-list dfd-equal-height-children dfd-mobile-keep-height clearfix icon-left full-width-elements\"><li class=\"dfd-service-item dfd-eq-height  cr-animate-gen\" data-animate-type = \"transition.fadeIn\"  style=\"border-style: none; border-color: ;\"><div class=\"dfd-service-front\" ><div class=\"dfd-vertical-aligned\"><div class=\"dfd-front-wrap\"><div class=\"dfd-service-icon\" data-animation=\"\" data-animation-delay=\"03\" style=\"font-size:24px;\"><img decoding=\"async\" class=\"dfd-service-img-icon\" alt=\"icon\" src=\"https:\/\/graeber-diamant.de\/wp-content\/uploads\/2020\/01\/schneidplatten_aufnahme-1024x683.jpg\"\/><\/div><\/div><\/div><\/div><div class=\"dfd-service-description dfd-service-back\" style=\"\"><div class=\"dfd-service-description-text dfd-vertical-aligned\" style=\"font-size:13px;line-height:18px;\"><h4>Automation<\/h4>\n<\/div><\/div><\/li><\/ul><\/div>\n\t\t<\/div> \n\t<\/div> \n<\/div><div class=\"dfd-row-bg-overlay\" style=\"opacity: 0.8;\"><\/div><\/div>\n<\/div>","protected":false},"excerpt":{"rendered":"SERVICE Unser Leistungsangebot Graeber Diamantwerkzeuge GmbH bietet eine Vielzahl von Leistungen f\u00fcr Zerspanungswerkzeuge an. Von Standardanwendungen bis hin zu Sonderanfertigungen. Hochvakuuml\u00f6ten In unserem Haus werden ausschlie\u00dflich alle CBN Werkzeuge hochvakuum","protected":false},"author":1,"featured_media":0,"parent":0,"menu_order":0,"comment_status":"closed","ping_status":"closed","template":"page-custom-with-header.php","meta":{"footnotes":""},"class_list":["post-14","page","type-page","status-publish","hentry"],"_links":{"self":[{"href":"https:\/\/graeber-diamant.de\/en\/wp-json\/wp\/v2\/pages\/14"}],"collection":[{"href":"https:\/\/graeber-diamant.de\/en\/wp-json\/wp\/v2\/pages"}],"about":[{"href":"https:\/\/graeber-diamant.de\/en\/wp-json\/wp\/v2\/types\/page"}],"author":[{"embeddable":true,"href":"https:\/\/graeber-diamant.de\/en\/wp-json\/wp\/v2\/users\/1"}],"replies":[{"embeddable":true,"href":"https:\/\/graeber-diamant.de\/en\/wp-json\/wp\/v2\/comments?post=14"}],"version-history":[{"count":6,"href":"https:\/\/graeber-diamant.de\/en\/wp-json\/wp\/v2\/pages\/14\/revisions"}],"predecessor-version":[{"id":212,"href":"https:\/\/graeber-diamant.de\/en\/wp-json\/wp\/v2\/pages\/14\/revisions\/212"}],"wp:attachment":[{"href":"https:\/\/graeber-diamant.de\/en\/wp-json\/wp\/v2\/media?parent=14"}],"curies":[{"name":"wp","href":"https:\/\/api.w.org\/{rel}","templated":true}]}}