{"id":18,"date":"2020-01-08T21:59:57","date_gmt":"2020-01-08T21:59:57","guid":{"rendered":"https:\/\/graeber-diamant.de\/?page_id=18"},"modified":"2023-05-09T12:36:03","modified_gmt":"2023-05-09T12:36:03","slug":"kontakt","status":"publish","type":"page","link":"https:\/\/graeber-diamant.de\/en\/kontakt\/","title":{"rendered":"Kontakt"},"content":{"rendered":"<div class=\"wpb-content-wrapper\"><div  class=\"vc_row vc-row-wrapper full_width_content dfd-fade-on-scroll\" data-parallax_sense=\"30\"><div class=\"wpb_row row\" >\n\t<div class=\"twelve columns vc-column-extra-class-69d99d3e6b865 vc_custom_1578950303758\" data-parallax_sense=\"30\">\n\t\t<div class=\"wpb_wrapper\">\n\t\t\t\n\t\t<\/div> \n\t<\/div> \n<\/div><div class=\"dfd-row-bg-wrapper-cover\"><div class=\"dfd-row-bg-wrap dfd-row-bg-image dfd_simple_image dfd-bg-lazy-load\" id=\"dfd-image-bg-69d99d3e6bba7\"  data-bg-img=\"https:\/\/graeber-diamant.de\/wp-content\/uploads\/2020\/01\/produktionshalle.jpg\" data-mobile_enable=\"1\"><\/div><\/div><div class=\"dfd-row-bg-overlay\" style=\"opacity: 0.8;\"><\/div><script type=\"text\/javascript\">(function($) {$(\"head\").append(\"<style>#dfd-image-bg-69d99d3e6bba7 {background-repeat: repeat;background-size: cover;background-attachment: scroll;}<\/style>\");})(jQuery);<\/script><\/div><!-- Row Backgrounds {} --><div class=\"upb_no_bg\" data-custom-vc-row=\"vc-row-wrapper\" data-fadeout=\"fadeout_row_value\" data-fadeout-percentage=\"30\" data-parallax-content=\"\" data-parallax-content-sense=\"30\" data-row-effect-mobile-disable=\"true\" data-img-parallax-mobile-disable=\"true\" data-rtl=\"false\"   ><\/div><div  class=\"vc_row vc-row-wrapper vc_custom_1578940007512\" data-parallax_sense=\"30\"><div class=\"wpb_row row\" >\n\t<div class=\"twelve columns vc-column-extra-class-69d99d3e6c733 vc_custom_1578937893940\" data-parallax_sense=\"30\">\n\t\t<div class=\"wpb_wrapper\">\n\t\t\t\n\t<div class=\"wpb_text_column wpb_content_element\" >\n\t\t<div class=\"wpb_wrapper\">\n\t\t\t<h2 class=\"widget-title\" style=\"text-align: center;\">KONTAKT<\/h2>\n\n\t\t<\/div> \n\t<\/div> \r\n\t<div class=\"wpb_single_image wpb_content_element vc_align_center  wpb_animate_when_almost_visible wpb_fadeIn fadeIn vc_custom_1578940178761\" >\r\n\t\t<div class=\"wpb_wrapper\">\r\n\t\t\t\r\n\t\t\t<div class=\"vc_single_image-wrapper   vc_box_border_grey\" ><img loading=\"lazy\" decoding=\"async\" width=\"300\" height=\"51\" src=\"https:\/\/graeber-diamant.de\/wp-content\/uploads\/2020\/01\/seperator_red-300x51.png\" class=\"vc_single_image-img attachment-medium\" alt=\"\" title=\"seperator_red\" srcset=\"https:\/\/graeber-diamant.de\/wp-content\/uploads\/2020\/01\/seperator_red-300x51.png 300w, https:\/\/graeber-diamant.de\/wp-content\/uploads\/2020\/01\/seperator_red-768x130.png 768w, https:\/\/graeber-diamant.de\/wp-content\/uploads\/2020\/01\/seperator_red.png 864w\" sizes=\"(max-width: 300px) 100vw, 300px\" \/><\/div>\r\n\t\t\t\r\n\t\t<\/div>\r\n\t<\/div>\r\n\n\t<div class=\"wpb_text_column wpb_content_element\" >\n\t\t<div class=\"wpb_wrapper\">\n\t\t\t<h4 class=\"widget-title\" style=\"text-align: center;\">Ansprechpartner und Standorte<\/h4>\n\n\t\t<\/div> \n\t<\/div> <div class=\"dfd-spacer-module\"  data-units=\"px\" data-wide_resolution=\"1280\" data-wide_size=\"40\" data-normal_resolution=\"1024\" data-normal_size=\"40\" data-tablet_resolution=\"800\" data-tablet_size=\"40\" data-mobile_resolution=\"480\" data-mobile_size=\"40\" style=\"height: 40px;\"><\/div>\n\t\t<\/div> \n\t<\/div> \n<\/div><div class=\"dfd-row-bg-overlay\" style=\"opacity: 0.8;\"><\/div><\/div><div  class=\"vc_row vc-row-wrapper\" data-parallax_sense=\"30\"><div class=\"wpb_row row\" >\n\t<div class=\"six columns vc-column-extra-class-69d99d3e6dfef vc_custom_1579622508312\" data-parallax_sense=\"30\">\n\t\t<div class=\"wpb_wrapper\">\n\t\t\t<div id=\"dfdteam-190665530669d99d3e6e4ed\" class=\"dfd-team-box text-center\" ><div class=\"dfd-team-front\"><div class=\"image-wrap\"><img decoding=\"async\" src=\"https:\/\/graeber-diamant.de\/wp-content\/uploads\/2020\/01\/e_graeber-1-380x340.jpg\" alt=\"team image\"\/><div class=\"hover-mask\" style=\"background: #1d88a5;\"><\/div><\/div><div class=\"soc-icon-aligment\"><div class=\"widget soc-icons dfd-soc-icons-hover-style-4\"><a href=\"mailto:g.graeber@graeber-diamant.de\" class=\"soc_icon-mail\" target=\"_blank\"><span class=\"line-top-left soc_icon-mail\"><\/span><span class=\"line-top-center soc_icon-mail\"><\/span><span class=\"line-top-right soc_icon-mail\"><\/span><span class=\"line-bottom-left soc_icon-mail\"><\/span><span class=\"line-bottom-center soc_icon-mail\"><\/span><span class=\"line-bottom-right soc_icon-mail\"><\/span><i class=\"soc_icon-mail\"><\/i><\/a><\/div><\/div><div class=\"dfd-team-box-heading\"><div class=\"feature-title\" style=\"font-family:'roboto condensed';font-style:normal;font-weight:700;font-size:18px;color:#1d88a5;\">Gerhard Gr\u00e4ber<\/div><div class=\"subtitle\" style=\"font-family:'roboto condensed';font-style:normal;font-weight:500;font-size:14px;\">Gesch\u00e4ftsf\u00fchrer<\/div><\/div><\/div><div class=\"dfd-team-back\"><\/div><\/div>\n\t\t<\/div> \n\t<\/div> \n\n\t<div class=\"six columns vc-column-extra-class-69d99d3e6eefe vc_custom_1579622502395\" data-parallax_sense=\"30\">\n\t\t<div class=\"wpb_wrapper\">\n\t\t\t<div id=\"dfdteam-156026590669d99d3e6f2f9\" class=\"dfd-team-box text-center\" ><div class=\"dfd-team-front\"><div class=\"image-wrap\"><img decoding=\"async\" src=\"https:\/\/graeber-diamant.de\/wp-content\/uploads\/2023\/05\/7120-380x340.jpg\" alt=\"team image\"\/><div class=\"hover-mask\" style=\"background: #1d88a5;\"><\/div><\/div><div class=\"soc-icon-aligment\"><div class=\"widget soc-icons dfd-soc-icons-hover-style-4\"><a href=\"#\" class=\"soc_icon-mail\" target=\"_blank\"><span class=\"line-top-left soc_icon-mail\"><\/span><span class=\"line-top-center soc_icon-mail\"><\/span><span class=\"line-top-right soc_icon-mail\"><\/span><span class=\"line-bottom-left soc_icon-mail\"><\/span><span class=\"line-bottom-center soc_icon-mail\"><\/span><span class=\"line-bottom-right soc_icon-mail\"><\/span><i class=\"soc_icon-mail\"><\/i><\/a><\/div><\/div><div class=\"dfd-team-box-heading\"><div class=\"feature-title\" style=\"font-family:'roboto condensed';font-style:normal;font-weight:700;font-size:18px;color:#1d88a5;\">Ivan Gr\u00e4ber<\/div><div class=\"subtitle\" style=\"font-family:'roboto condensed';font-style:normal;font-weight:500;\">Prokurist<\/div><\/div><\/div><div class=\"dfd-team-back\"><\/div><\/div>\n\t\t<\/div> \n\t<\/div> \n<\/div><div class=\"dfd-row-bg-overlay\" style=\"opacity: 0.8;\"><\/div><\/div><div  class=\"vc_row vc-row-wrapper vc_custom_1579625997878\" data-parallax_sense=\"30\"><div class=\"wpb_row row\" >\n\t<div class=\"four columns vc-column-extra-class-69d99d3e6fefd vc_custom_1579622508312\" data-parallax_sense=\"30\">\n\t\t<div class=\"wpb_wrapper\">\n\t\t\t<div id=\"dfdteam-81033842769d99d3e702c9\" class=\"dfd-team-box text-center\" ><div class=\"dfd-team-front\"><div class=\"image-wrap\"><img decoding=\"async\" src=\"https:\/\/graeber-diamant.de\/wp-content\/uploads\/2020\/01\/1-380x340.jpg\" alt=\"team image\"\/><div class=\"hover-mask\" style=\"background: #1d88a5;\"><\/div><\/div><div class=\"soc-icon-aligment\"><div class=\"widget soc-icons dfd-soc-icons-hover-style-4\"><a href=\"mailto:dennism@graeber-diamant.de\" class=\"soc_icon-mail\" target=\"_blank\"><span class=\"line-top-left soc_icon-mail\"><\/span><span class=\"line-top-center soc_icon-mail\"><\/span><span class=\"line-top-right soc_icon-mail\"><\/span><span class=\"line-bottom-left soc_icon-mail\"><\/span><span class=\"line-bottom-center soc_icon-mail\"><\/span><span class=\"line-bottom-right soc_icon-mail\"><\/span><i class=\"soc_icon-mail\"><\/i><\/a><\/div><\/div><div class=\"dfd-team-box-heading\"><div class=\"feature-title\" style=\"font-family:'roboto condensed';font-style:normal;font-weight:700;font-size:18px;color:#1d88a5;\">Dennis Mair<\/div><div class=\"subtitle\" style=\"font-family:'roboto condensed';font-style:normal;font-weight:500;\">Techn. Vertrieb \/ Konstruktion \/ Einkauf<\/div><\/div><\/div><div class=\"dfd-team-back\"><\/div><\/div>\n\t\t<\/div> \n\t<\/div> \n\n\t<div class=\"four columns vc-column-extra-class-69d99d3e70a59 vc_custom_1579622502395\" data-parallax_sense=\"30\">\n\t\t<div class=\"wpb_wrapper\">\n\t\t\t<div id=\"dfdteam-207573432269d99d3e70e9b\" class=\"dfd-team-box text-center\" ><div class=\"dfd-team-front\"><div class=\"image-wrap\"><img decoding=\"async\" src=\"https:\/\/graeber-diamant.de\/wp-content\/uploads\/2020\/01\/2-380x340.jpg\" alt=\"team image\"\/><div class=\"hover-mask\" style=\"background: #1d88a5;\"><\/div><\/div><div class=\"soc-icon-aligment\"><div class=\"widget soc-icons dfd-soc-icons-hover-style-4\"><a href=\"mailto:webmaster@graeber-diamant.de\" class=\"soc_icon-mail\" target=\"_blank\"><span class=\"line-top-left soc_icon-mail\"><\/span><span class=\"line-top-center soc_icon-mail\"><\/span><span class=\"line-top-right soc_icon-mail\"><\/span><span class=\"line-bottom-left soc_icon-mail\"><\/span><span class=\"line-bottom-center soc_icon-mail\"><\/span><span class=\"line-bottom-right soc_icon-mail\"><\/span><i class=\"soc_icon-mail\"><\/i><\/a><\/div><\/div><div class=\"dfd-team-box-heading\"><div class=\"feature-title\" style=\"font-family:'roboto condensed';font-style:normal;font-weight:700;font-size:18px;color:#1d88a5;\">Andreas M\u00fchlbauer<\/div><div class=\"subtitle\" style=\"font-family:'roboto condensed';font-style:normal;font-weight:500;\">Techn. Vertrieb \/ Konstruktion \/ Einkauf<\/div><\/div><\/div><div class=\"dfd-team-back\"><\/div><\/div>\n\t\t<\/div> \n\t<\/div> \n\n\t<div class=\"four columns vc-column-extra-class-69d99d3e71663 vc_custom_1579622516052\" data-parallax_sense=\"30\">\n\t\t<div class=\"wpb_wrapper\">\n\t\t\t<div id=\"dfdteam-144796051869d99d3e71aa9\" class=\"dfd-team-box text-center\" ><div class=\"dfd-team-front\"><div class=\"image-wrap\"><img decoding=\"async\" src=\"https:\/\/graeber-diamant.de\/wp-content\/uploads\/2020\/01\/3-380x340.jpg\" alt=\"team image\"\/><div class=\"hover-mask\" style=\"background: #1d88a5;\"><\/div><\/div><div class=\"soc-icon-aligment\"><div class=\"widget soc-icons dfd-soc-icons-hover-style-4\"><a href=\"mailto:alex@graeber-diamant.de\" class=\"soc_icon-mail\" target=\"_blank\"><span class=\"line-top-left soc_icon-mail\"><\/span><span class=\"line-top-center soc_icon-mail\"><\/span><span class=\"line-top-right soc_icon-mail\"><\/span><span class=\"line-bottom-left soc_icon-mail\"><\/span><span class=\"line-bottom-center soc_icon-mail\"><\/span><span class=\"line-bottom-right soc_icon-mail\"><\/span><i class=\"soc_icon-mail\"><\/i><\/a><\/div><\/div><div class=\"dfd-team-box-heading\"><div class=\"feature-title\" style=\"font-family:'roboto condensed';font-style:normal;font-weight:700;font-size:18px;color:#1d88a5;\">Alexander Klein<\/div><div class=\"subtitle\" style=\"font-family:'roboto condensed';font-style:normal;font-weight:500;\">Produktionsleitung Standort Hottenbach<\/div><\/div><\/div><div class=\"dfd-team-back\"><\/div><\/div>\n\t\t<\/div> \n\t<\/div> \n<\/div><div class=\"dfd-row-bg-overlay\" style=\"opacity: 0.8;\"><\/div><\/div><div  class=\"vc_row vc-row-wrapper vc_rtl-columns-reverse full_width_content equal-height-columns mobile-destroy-equal-heights vc-row-destroy-equal-heights-69d99d3e7240e aligh-content-verticaly\"  data-resolution=\"800\"data-parallax_sense=\"30\"><div class=\"wpb_row row\" >\n\t<div class=\"six columns vc-column-extra-class-69d99d3e72783 vc_custom_1580374631780\" data-parallax_sense=\"30\">\n\t\t<div class=\"wpb_wrapper\">\n\t\t\t<div class=\"vc-row-wrapper vc_inner vc_row-fluid dfd-inner-row-69d99d3e72c99\"><div class=\"row wpb_row\"><div class=\"dfd-enable-custom-column-effect vc-column-hover-69d99d3e73259 columns six vc_custom_1580392285619\"><div class=\"wpb_wrapper\">\n\t<div class=\"wpb_text_column wpb_content_element\" >\n\t\t<div class=\"wpb_wrapper\">\n\t\t\t<h3>STIPSHAUSEN<\/h3>\n\n\t\t<\/div> \n\t<\/div> <div class=\"dfd-spacer-module\"  data-units=\"px\" data-wide_resolution=\"1280\" data-wide_size=\"40\" data-normal_resolution=\"1024\" data-normal_size=\"40\" data-tablet_resolution=\"800\" data-tablet_size=\"40\" data-mobile_resolution=\"480\" data-mobile_size=\"40\" style=\"height: 40px;\"><\/div>\n\t<div class=\"wpb_text_column wpb_content_element  contactsub\" >\n\t\t<div class=\"wpb_wrapper\">\n\t\t\t<div id=\"ultimate-heading5e1caa19097ff\" class=\"uvc-heading dfd-delim-top heading-config-top dfd-enable-resposive-headings\" data-hspacer=\"no_spacer\" data-halign=\"left\">\n<div id=\"ultimate-heading5e1caa190a248\" class=\"uvc-heading dfd-delim-top heading-config-top dfd-enable-resposive-headings\" data-hspacer=\"no_spacer\" data-halign=\"left\">\n<h5>Schulstrasse 28<\/h5>\n<h5>D &#8211; 55758 Stipshausen<\/h5>\n<h5>Telefon: +49 6544 1693<\/h5>\n<h5>Telefax: +49 6544 1533<\/h5>\n<h5>E-Mail: <a href=\"mailto:webmaster@graeber-diamant.de\">webmaster@graeber-diamant.de<\/a><\/h5>\n<\/div>\n<\/div>\n\n\t\t<\/div> \n\t<\/div> <\/div><script type=\"text\/javascript\">(function($) {$(\"head\").append(\"<style>.vc-column-hover-69d99d3e73259 {-webkit-box-shadow: none;-moz-box-shadow: none;-o-box-shadow: none;box-shadow: none;}.vc-column-hover-69d99d3e73259:hover {-webkit-box-shadow: none;-moz-box-shadow: none;-o-box-shadow: none;box-shadow: none; z-index: 1;}<\/style>\");})(jQuery);<\/script><\/div><div class=\"vc-column-hover-69d99d3e7392f columns six\"><div class=\"wpb_wrapper\">\n\t<div class=\"wpb_text_column wpb_content_element\" >\n\t\t<div class=\"wpb_wrapper\">\n\t\t\t<h3>HOTTENBACH<\/h3>\n\n\t\t<\/div> \n\t<\/div> <div class=\"dfd-spacer-module\"  data-units=\"px\" data-wide_resolution=\"1280\" data-wide_size=\"40\" data-normal_resolution=\"1024\" data-normal_size=\"40\" data-tablet_resolution=\"800\" data-tablet_size=\"40\" data-mobile_resolution=\"480\" data-mobile_size=\"40\" style=\"height: 40px;\"><\/div>\n\t<div class=\"wpb_text_column wpb_content_element  contactsub\" >\n\t\t<div class=\"wpb_wrapper\">\n\t\t\t<div id=\"ultimate-heading5e1caa19097ff\" class=\"uvc-heading dfd-delim-top heading-config-top dfd-enable-resposive-headings\" data-hspacer=\"no_spacer\" data-halign=\"left\">\n<div id=\"ultimate-heading5e1caa190a248\" class=\"uvc-heading dfd-delim-top heading-config-top dfd-enable-resposive-headings\" data-hspacer=\"no_spacer\" data-halign=\"left\">\n<h5>Hauptstrasse 57<\/h5>\n<h5>D &#8211; 55758 Hottenbach<\/h5>\n<h5>Telefon: +49 6785 999680<\/h5>\n<h5>Telefax: +49 6785 999681<\/h5>\n<h5>E-Mail: <a href=\"mailto:webmaster@graeber-diamant.de\">webmaster@graeber-diamant.de<\/a><\/h5>\n<\/div>\n<\/div>\n\n\t\t<\/div> \n\t<\/div> <\/div><\/div><\/div><\/div>\n\t\t<\/div> \n\t<\/div> \n\n\t<div class=\"six dfd_vc_hidden-xs columns vc-column-extra-class-69d99d3e73f95 vc_custom_1579767256332\" data-parallax_sense=\"30\">\n\t\t<div class=\"wpb_wrapper\">\n\t\t\t\n\t<div class=\"wpb_text_column wpb_content_element\" >\n\t\t<div class=\"wpb_wrapper\">\n\t\t\t<div class=\"tablenav bottom\"><div class=\"wpgmp_map_container wpgmp-map-provider-google wpgmp-map-1\" rel=\"map1\" data-plugin-version=\"4.9.2\"><div class=\"wpgmp_map_parent\"><div class=\"wpgmp_map\" style=\"width:100%;height:500px\" id=\"map1\" data-map-id=\"1\"><\/div><\/div><\/div><script>jQuery(document).ready(function($){ window.wpgmp = window.wpgmp || {}; window.wpgmp.mapdata1 = \"eyJhdXRvc29ydCI6dHJ1ZSwibWFwX29wdGlvbnMiOnsiY2VudGVyX2xhdCI6IjQ5Ljg0ODM5NSIsImNlbnRlcl9sbmciOiI3LjI4Njk1MyIsInpvb20iOjEzLCJtYXBfdHlwZV9pZCI6IlJPQURNQVAiLCJjZW50ZXJfYnlfbmVhcmVzdCI6ZmFsc2UsImZpdF9ib3VuZHMiOmZhbHNlLCJzaG93X2NlbnRlcl9jaXJjbGUiOmZhbHNlLCJzaG93X2NlbnRlcl9tYXJrZXIiOmZhbHNlLCJjZW50ZXJfbWFya2VyX2ljb24iOiJodHRwczpcL1wvZ3JhZWJlci1kaWFtYW50LmRlXC93cC1jb250ZW50XC91cGxvYWRzXC8yMDIwXC8wMVwvZmF2XzE2LnBuZyIsImRyYWdnYWJsZSI6dHJ1ZSwibWFya2VyX2RlZmF1bHRfaWNvbiI6Imh0dHBzOlwvXC9ncmFlYmVyLWRpYW1hbnQuZGVcL3dwLWNvbnRlbnRcL3VwbG9hZHNcLzIwMjBcLzAxXC9mYXZfMTYucG5nIiwiaW5mb3dpbmRvd19za2luIjp7Im5hbWUiOiJkZWZhdWx0IiwidHlwZSI6ImluZm93aW5kb3cifSwiaW5mb3dpbmRvd19kcm9wX2FuaW1hdGlvbiI6ZmFsc2UsImNsb3NlX2luZm93aW5kb3dfb25fbWFwX2NsaWNrIjpmYWxzZSwiZGVmYXVsdF9pbmZvd2luZG93X29wZW4iOmZhbHNlLCJpbmZvd2luZG93X29wZW5fZXZlbnQiOiJjbGljayIsImxpc3RpbmdfaW5mb3dpbmRvd19vcGVuX2V2ZW50IjoiY2xpY2siLCJpc19tb2JpbGUiOmZhbHNlLCJpbmZvd2luZG93X2ZpbHRlcl9vbmx5IjpmYWxzZSwiaW5mb3dpbmRvd19jbGlja19jaGFuZ2VfY2VudGVyIjpmYWxzZSwiZnVsbF9zY3JlZW5fY29udHJvbCI6dHJ1ZSwiY2FtZXJhX2NvbnRyb2wiOmZhbHNlLCJzZWFyY2hfY29udHJvbCI6dHJ1ZSwiem9vbV9jb250cm9sIjp0cnVlLCJtYXBfdHlwZV9jb250cm9sIjp0cnVlLCJzdHJlZXRfdmlld19jb250cm9sIjp0cnVlLCJsb2NhdGVtZV9jb250cm9sIjpmYWxzZSwibW9iaWxlX3NwZWNpZmljIjpmYWxzZSwiem9vbV9tb2JpbGUiOjUsImRyYWdnYWJsZV9tb2JpbGUiOnRydWUsInNjcm9sbF93aGVlbF9tb2JpbGUiOnRydWUsImZ1bGxfc2NyZWVuX2NvbnRyb2xfcG9zaXRpb24iOiJUT1BfTEVGVCIsInNlYXJjaF9jb250cm9sX3Bvc2l0aW9uIjoiVE9QX0xFRlQiLCJ6b29tX2NvbnRyb2xfcG9zaXRpb24iOiJUT1BfTEVGVCIsIm1hcF90eXBlX2NvbnRyb2xfcG9zaXRpb24iOiJUT1BfTEVGVCIsIm1hcF90eXBlX2NvbnRyb2xfc3R5bGUiOiJIT1JJWk9OVEFMX0JBUiIsInN0cmVldF92aWV3X2NvbnRyb2xfcG9zaXRpb24iOiJUT1BfTEVGVCIsIm1hcF9pbmZvd2luZG93X2N1c3RvbWlzYXRpb25zIjpmYWxzZSwiaW5mb3dpbmRvd193aWR0aCI6IjEwMCUiLCJzaG93X2luZm93aW5kb3dfaGVhZGVyIjpmYWxzZSwiem9vbV9sZXZlbF9hZnRlcl9zZWFyY2giOjEwLCJkb3VibGVjbGlja3pvb20iOmZhbHNlLCJjdXJyZW50X3Bvc3Rfb25seSI6ZmFsc2UsImFkdmFuY2VfdGVtcGxhdGUiOmZhbHNlLCJtYXBfdGlsZV91cmwiOiJodHRwczpcL1wve3N9LnRpbGUub3BlbnN0cmVldG1hcC5vcmdcL3t6fVwve3h9XC97eX0ucG5nIiwib3BlbnN0cmVldF9zdHlsZXMiOnsiT3BlblN0cmVldE1hcC5NYXBuaWsiOiJodHRwczpcL1wve3N9LnRpbGUub3BlbnN0cmVldG1hcC5vcmdcL3t6fVwve3h9XC97eX0ucG5nIiwiT3BlblN0cmVldE1hcC5ERSI6Imh0dHBzOlwvXC97c30udGlsZS5vcGVuc3RyZWV0bWFwLmRlXC90aWxlc1wvb3NtZGVcL3t6fVwve3h9XC97eX0ucG5nIiwiT3BlblN0cmVldE1hcC5DSCI6Imh0dHBzOlwvXC90aWxlLm9zbS5jaFwvc3dpdHplcmxhbmRcL3t6fVwve3h9XC97eX0ucG5nIiwiT3BlblN0cmVldE1hcC5GcmFuY2UiOiJodHRwczpcL1wve3N9LnRpbGUub3BlbnN0cmVldG1hcC5mclwvb3NtZnJcL3t6fVwve3h9XC97eX0ucG5nIiwiT3BlblN0cmVldE1hcC5IT1QiOiJodHRwczpcL1wve3N9LnRpbGUub3BlbnN0cmVldG1hcC5mclwvaG90XC97en1cL3t4fVwve3l9LnBuZyIsIk9wZW5TdHJlZXRNYXAuQlpIIjoiaHR0cHM6XC9cL3RpbGUub3BlbnN0cmVldG1hcC5iemhcL2JyXC97en1cL3t4fVwve3l9LnBuZyIsIk9wZW5Ub3BvTWFwIjoiaHR0cHM6XC9cL3tzfS50aWxlLm9wZW50b3BvbWFwLm9yZ1wve3p9XC97eH1cL3t5fS5wbmciLCJUaHVuZGVyZm9yZXN0Lk9wZW5DeWNsZU1hcCI6Imh0dHBzOlwvXC9kZXYue3N9LnRpbGUub3BlbnN0cmVldG1hcC5mclwvY3ljbG9zbVwve3p9XC97eH1cL3t5fS5wbmciLCJPcGVuTWFwU3VyZmVyLlJvYWRzIjoiaHR0cHM6XC9cL21hcHMuaGVpZ2l0Lm9yZ1wvb3Blbm1hcHN1cmZlclwvdGlsZXNcL3JvYWRzXC93ZWJtZXJjYXRvclwve3p9XC97eH1cL3t5fS5wbmcifSwib3BlbnN0cmVldF9zdHlsZXNfbWFya3VwIjoiPHNlbGVjdCBjbGFzcz1cIndwb21wX21hcF90eXBlXCI+PG9wdGlvbiB2YWx1ZT1cIk9wZW5TdHJlZXRNYXAuTWFwbmlrXCI+T3BlblN0cmVldE1hcC5NYXBuaWs8XC9vcHRpb24+PG9wdGlvbiB2YWx1ZT1cIk9wZW5TdHJlZXRNYXAuREVcIj5PcGVuU3RyZWV0TWFwLkRFPFwvb3B0aW9uPjxvcHRpb24gdmFsdWU9XCJPcGVuU3RyZWV0TWFwLkNIXCI+T3BlblN0cmVldE1hcC5DSDxcL29wdGlvbj48b3B0aW9uIHZhbHVlPVwiT3BlblN0cmVldE1hcC5GcmFuY2VcIj5PcGVuU3RyZWV0TWFwLkZyYW5jZTxcL29wdGlvbj48b3B0aW9uIHZhbHVlPVwiT3BlblN0cmVldE1hcC5IT1RcIj5PcGVuU3RyZWV0TWFwLkhPVDxcL29wdGlvbj48b3B0aW9uIHZhbHVlPVwiT3BlblN0cmVldE1hcC5CWkhcIj5PcGVuU3RyZWV0TWFwLkJaSDxcL29wdGlvbj48b3B0aW9uIHZhbHVlPVwiT3BlblRvcG9NYXBcIj5PcGVuVG9wb01hcDxcL29wdGlvbj48b3B0aW9uIHZhbHVlPVwiVGh1bmRlcmZvcmVzdC5PcGVuQ3ljbGVNYXBcIj5UaHVuZGVyZm9yZXN0Lk9wZW5DeWNsZU1hcDxcL29wdGlvbj48b3B0aW9uIHZhbHVlPVwiT3Blbk1hcFN1cmZlci5Sb2Fkc1wiPk9wZW5NYXBTdXJmZXIuUm9hZHM8XC9vcHRpb24+PFwvc2VsZWN0PiIsIm1hcF9ib3hfc3R5bGVzX21hcmt1cCI6IjxzZWxlY3QgY2xhc3M9XCJ3cG9tcF9tYXBib3hfdHlwZVwiPjxvcHRpb24gdmFsdWU9XCJzdHJlZXRzLXYxMVwiPlN0cmVldHM8XC9vcHRpb24+PG9wdGlvbiB2YWx1ZT1cImxpZ2h0LXYxMFwiPkxpZ2h0PFwvb3B0aW9uPjxvcHRpb24gdmFsdWU9XCJkYXJrLXYxMFwiPkRhcms8XC9vcHRpb24+PG9wdGlvbiB2YWx1ZT1cIm91dGRvb3JzLXYxMVwiPk91dGRvb3JzPFwvb3B0aW9uPjxvcHRpb24gdmFsdWU9XCJzYXRlbGxpdGUtdjlcIj5TYXRlbGxpdGU8XC9vcHRpb24+PFwvc2VsZWN0PiIsImJvdW5kX21hcF9hZnRlcl9maWx0ZXIiOmZhbHNlLCJkaXNwbGF5X3Jlc2V0X2J1dHRvbiI6ZmFsc2UsIm1hcF9yZXNldF9idXR0b25fdGV4dCI6IlJlc2V0IiwiaGVpZ2h0IjoiNTAwIiwidGlsZXNfcHJvdmlkZXIiOiJvcGVuc3RyZWV0In0sInBsYWNlcyI6W3siaWQiOiIxIiwidGl0bGUiOiJHclx1MDBlNGJlciBEaWFtYW50d2Vya3pldWdlIEdtYkgiLCJhZGRyZXNzIjoiU2NodWxzdHJhXHUwMGRmZSAyOCwgNTU3NTggU3RpcHNoYXVzZW4sIEdlcm1hbnkiLCJzb3VyY2UiOiJtYW51YWwiLCJjb250ZW50IjoiIiwibG9jYXRpb24iOnsiaWNvbiI6Imh0dHBzOlwvXC9ncmFlYmVyLWRpYW1hbnQuZGVcL3dwLWNvbnRlbnRcL3VwbG9hZHNcLzIwMjBcLzAxXC9mYXZfMTYucG5nIiwibGF0IjoiNDkuODQ4MjI4NyIsImxuZyI6IjcuMjg2NzI3Mzk5OTk5OTk5IiwiY2l0eSI6IlN0aXBzaGF1c2VuIiwic3RhdGUiOiJSaGVpbmxhbmQtUGZhbHoiLCJjb3VudHJ5IjoiR2VybWFueSIsIm9uY2xpY2tfYWN0aW9uIjoibWFya2VyIiwicmVkaXJlY3RfY3VzdG9tX2xpbmsiOiIiLCJtYXJrZXJfaW1hZ2UiOiI8ZGl2IGNsYXNzPSdmYy1mZWF0dXJlLWltZyc+PGltZyBsb2FkaW5nPSdsYXp5JyBkZWNvZGluZz0nYXN5bmMnIGFsdD0nR3JcdTAwZTRiZXIgRGlhbWFudHdlcmt6ZXVnZSBHbWJIJyBzcmM9J2h0dHBzOlwvXC9ncmFlYmVyLWRpYW1hbnQuZGVcL3dwLWNvbnRlbnRcL3BsdWdpbnNcL3dwLWdvb2dsZS1tYXAtcGx1Z2luXC9hc3NldHNcL2ltYWdlc1wvc2FtcGxlLmpwZycgY2xhc3M9J3dwZ21wX21hcmtlcl9pbWFnZSBmYy1pdGVtLWZlYXR1cmVkX2ltYWdlIGZjLWl0ZW0tbGFyZ2UnIFwvPjxcL2Rpdj4iLCJvcGVuX25ld190YWIiOiJ5ZXMiLCJwb3N0YWxfY29kZSI6IiIsImRyYWdnYWJsZSI6IiIsImluZm93aW5kb3dfZGVmYXVsdF9vcGVuIjoiIiwiYW5pbWF0aW9uIjoiQk9VTkNFIiwiaW5mb3dpbmRvd19kaXNhYmxlIjp0cnVlLCJ6b29tIjo1LCJleHRyYV9maWVsZHMiOnsibGlzdG9yZGVyIjowfX0sImNhdGVnb3JpZXMiOlt7ImlkIjoiIiwibmFtZSI6IlVuY2F0ZWdvcmllcyIsInR5cGUiOiJjYXRlZ29yeSIsImV4dGVuc2lvbl9maWVsZHMiOiIifV0sImN1c3RvbV9maWx0ZXJzIjpbXX0seyJpZCI6IjIiLCJ0aXRsZSI6IkdyXHUwMGU0YmVyIERpYW1hbnR3ZXJremV1Z2UgR21iSCIsImFkZHJlc3MiOiJIYXVwdHN0cmFcdTAwZGZlIDU3LCA1NTc1OCBIb3R0ZW5iYWNoLCBHZXJtYW55Iiwic291cmNlIjoibWFudWFsIiwibG9jYXRpb24iOnsiaWNvbiI6Imh0dHBzOlwvXC9ncmFlYmVyLWRpYW1hbnQuZGVcL3dwLWNvbnRlbnRcL3VwbG9hZHNcLzIwMjBcLzAxXC9mYXZfMTYucG5nIiwibGF0IjoiNDkuODI1MjkiLCJsbmciOiI3LjI4MjM5OTk5OTk5OTk5OSIsImNpdHkiOiJIb3R0ZW5iYWNoIiwic3RhdGUiOiJSaGVpbmxhbmQtUGZhbHoiLCJjb3VudHJ5IjoiR2VybWFueSIsIm9uY2xpY2tfYWN0aW9uIjoibWFya2VyIiwibWFya2VyX2ltYWdlIjoiPGRpdiBjbGFzcz0nZmMtZmVhdHVyZS1pbWcnPjxpbWcgbG9hZGluZz0nbGF6eScgZGVjb2Rpbmc9J2FzeW5jJyBhbHQ9J0dyXHUwMGU0YmVyIERpYW1hbnR3ZXJremV1Z2UgR21iSCcgc3JjPSdodHRwczpcL1wvZ3JhZWJlci1kaWFtYW50LmRlXC93cC1jb250ZW50XC9wbHVnaW5zXC93cC1nb29nbGUtbWFwLXBsdWdpblwvYXNzZXRzXC9pbWFnZXNcL3NhbXBsZS5qcGcnIGNsYXNzPSd3cGdtcF9tYXJrZXJfaW1hZ2UgZmMtaXRlbS1mZWF0dXJlZF9pbWFnZSBmYy1pdGVtLWxhcmdlJyBcLz48XC9kaXY+Iiwib3Blbl9uZXdfdGFiIjoieWVzIiwiYW5pbWF0aW9uIjoiQk9VTkNFIiwiaW5mb3dpbmRvd19kaXNhYmxlIjp0cnVlLCJ6b29tIjo1LCJleHRyYV9maWVsZHMiOnsibGlzdG9yZGVyIjowfX0sImNhdGVnb3JpZXMiOlt7ImlkIjoiIiwibmFtZSI6IlVuY2F0ZWdvcmllcyIsInR5cGUiOiJjYXRlZ29yeSIsImV4dGVuc2lvbl9maWVsZHMiOiIifV19XSwibWFwX3Byb3BlcnR5Ijp7Im1hcF9pZCI6IjEifSwic2hhcGVzIjp7ImRyYXdpbmdfZWRpdGFibGUiOmZhbHNlfSwiZmlsdGVycyI6eyJmaWx0ZXJzX2NvbnRhaW5lciI6IltkYXRhLWNvbnRhaW5lcj1cIndwZ21wLWZpbHRlcnMtY29udGFpbmVyXCJdIn0sImdsb2JhbF9zZXR0aW5ncyI6ZmFsc2UsIm1hcmtlcl9jYXRlZ29yeV9pY29ucyI6eyIxIjoiaHR0cHM6XC9cL2dyYWViZXItZGlhbWFudC5kZVwvd3AtY29udGVudFwvdXBsb2Fkc1wvMjAyMFwvMDFcL2Zhdl8xMjAucG5nIn0sInByb3ZpZGVyIjoiZ29vZ2xlIiwiYXBpS2V5IjoiIn0=\"; });<\/script><\/div>\n\n\t\t<\/div> \n\t<\/div> \n\t\t<\/div> \n\t<\/div> \n<\/div><script type=\"text\/javascript\">(function($) {$(\"head\").append(\"<style>@media (min-width: 800px) and (max-width: 800px) {.vc-row-destroy-equal-heights-69d99d3e7240e.aligh-content-verticaly.mobile-destroy-equal-heights .dfd-vertical-aligned {top: 0;-webkit-transform: translateY(0);-moz-transform: translateY(0);-o-transform: translateY(0); transform: translateY(0);}.vc-row-destroy-equal-heights-69d99d3e7240e.vc-row-wrapper.equal-height-columns > .fp-tableCell > .fp-scrollable > .fp-scroller > .row > .columns,.vc-row-destroy-equal-heights-69d99d3e7240e.vc-row-wrapper.equal-height-columns > .fp-tableCell > .fp-scrollable > .row > .columns,.vc-row-destroy-equal-heights-69d99d3e7240e.vc-row-wrapper.equal-height-columns > .fp-tableCell > .row > .columns {height: auto;}}<\/style>\");})(jQuery);<\/script><\/div>\n<\/div>","protected":false},"excerpt":{"rendered":"KONTAKT Ansprechpartner und Standorte Gerhard Gr\u00e4berGesch\u00e4ftsf\u00fchrer Ivan Gr\u00e4berProkurist Dennis MairTechn. Vertrieb \/ Konstruktion \/ Einkauf Andreas M\u00fchlbauerTechn. Vertrieb \/ Konstruktion \/ Einkauf Alexander KleinProduktionsleitung Standort Hottenbach STIPSHAUSEN Schulstrasse 28 D","protected":false},"author":1,"featured_media":0,"parent":0,"menu_order":0,"comment_status":"closed","ping_status":"closed","template":"page-custom-with-header.php","meta":{"footnotes":""},"class_list":["post-18","page","type-page","status-publish","hentry"],"_links":{"self":[{"href":"https:\/\/graeber-diamant.de\/en\/wp-json\/wp\/v2\/pages\/18"}],"collection":[{"href":"https:\/\/graeber-diamant.de\/en\/wp-json\/wp\/v2\/pages"}],"about":[{"href":"https:\/\/graeber-diamant.de\/en\/wp-json\/wp\/v2\/types\/page"}],"author":[{"embeddable":true,"href":"https:\/\/graeber-diamant.de\/en\/wp-json\/wp\/v2\/users\/1"}],"replies":[{"embeddable":true,"href":"https:\/\/graeber-diamant.de\/en\/wp-json\/wp\/v2\/comments?post=18"}],"version-history":[{"count":19,"href":"https:\/\/graeber-diamant.de\/en\/wp-json\/wp\/v2\/pages\/18\/revisions"}],"predecessor-version":[{"id":226,"href":"https:\/\/graeber-diamant.de\/en\/wp-json\/wp\/v2\/pages\/18\/revisions\/226"}],"wp:attachment":[{"href":"https:\/\/graeber-diamant.de\/en\/wp-json\/wp\/v2\/media?parent=18"}],"curies":[{"name":"wp","href":"https:\/\/api.w.org\/{rel}","templated":true}]}}