{"id":24,"date":"2020-01-08T22:01:00","date_gmt":"2020-01-08T22:01:00","guid":{"rendered":"https:\/\/graeber-diamant.de\/?page_id=24"},"modified":"2020-01-30T13:48:56","modified_gmt":"2020-01-30T13:48:56","slug":"soziales","status":"publish","type":"page","link":"https:\/\/graeber-diamant.de\/en\/soziales\/","title":{"rendered":"Soziales"},"content":{"rendered":"<div class=\"wpb-content-wrapper\"><div  class=\"vc_row vc-row-wrapper full_width_content dfd-fade-on-scroll\" data-parallax_sense=\"30\"><div class=\"wpb_row row\" >\n\t<div class=\"twelve columns vc-column-extra-class-69d99d28060f4 vc_custom_1578950303758\" data-parallax_sense=\"30\">\n\t\t<div class=\"wpb_wrapper\">\n\t\t\t\n\t\t<\/div> \n\t<\/div> \n<\/div><div class=\"dfd-row-bg-wrapper-cover\"><div class=\"dfd-row-bg-wrap dfd-row-bg-image dfd_simple_image dfd-bg-lazy-load\" id=\"dfd-image-bg-69d99d2806864\"  data-bg-img=\"https:\/\/graeber-diamant.de\/wp-content\/uploads\/2020\/01\/fc_2017.png\" data-mobile_enable=\"1\"><\/div><\/div><div class=\"dfd-row-bg-overlay\" style=\"opacity: 0.8;\"><\/div><script type=\"text\/javascript\">(function($) {$(\"head\").append(\"<style>#dfd-image-bg-69d99d2806864 {background-repeat: repeat;background-size: cover;background-attachment: scroll;}<\/style>\");})(jQuery);<\/script><\/div><!-- Row Backgrounds {} --><div class=\"upb_no_bg\" data-custom-vc-row=\"vc-row-wrapper\" data-fadeout=\"fadeout_row_value\" data-fadeout-percentage=\"30\" data-parallax-content=\"\" data-parallax-content-sense=\"30\" data-row-effect-mobile-disable=\"true\" data-img-parallax-mobile-disable=\"true\" data-rtl=\"false\"   ><\/div><div  class=\"vc_row vc-row-wrapper vc_custom_1578940007512\" data-parallax_sense=\"30\"><div class=\"wpb_row row\" >\n\t<div class=\"twelve columns vc-column-extra-class-69d99d2807bd5 vc_custom_1578937893940\" data-parallax_sense=\"30\">\n\t\t<div class=\"wpb_wrapper\">\n\t\t\t\n\t<div class=\"wpb_text_column wpb_content_element \" >\n\t\t<div class=\"wpb_wrapper\">\n\t\t\t<h2 class=\"widget-title\" style=\"text-align: center;\">SOZIALES ENGAGEMENT<\/h2>\n\n\t\t<\/div> \n\t<\/div> \r\n\t<div class=\"wpb_single_image wpb_content_element vc_align_center  wpb_animate_when_almost_visible wpb_fadeIn fadeIn vc_custom_1578940178761 \" >\r\n\t\t<div class=\"wpb_wrapper\">\r\n\t\t\t\r\n\t\t\t<div class=\"vc_single_image-wrapper   vc_box_border_grey \" ><img loading=\"lazy\" decoding=\"async\" width=\"300\" height=\"51\" src=\"https:\/\/graeber-diamant.de\/wp-content\/uploads\/2020\/01\/seperator_red-300x51.png\" class=\"vc_single_image-img attachment-medium\" alt=\"\" title=\"seperator_red\" srcset=\"https:\/\/graeber-diamant.de\/wp-content\/uploads\/2020\/01\/seperator_red-300x51.png 300w, https:\/\/graeber-diamant.de\/wp-content\/uploads\/2020\/01\/seperator_red-768x130.png 768w, https:\/\/graeber-diamant.de\/wp-content\/uploads\/2020\/01\/seperator_red.png 864w\" sizes=\"(max-width: 300px) 100vw, 300px\" \/><\/div>\r\n\t\t\t\r\n\t\t<\/div>\r\n\t<\/div>\r\n\n\t<div class=\"wpb_text_column wpb_content_element \" >\n\t\t<div class=\"wpb_wrapper\">\n\t\t\t<h4 class=\"single-post-title entry-title\" style=\"text-align: center;\">6. E. Gr\u00e4ber Diamantwerkzeuge Ferien-Camp 2017 \u2013 Mit besonderem Highlight!!!<\/h4>\n\n\t\t<\/div> \n\t<\/div> <div class=\"dfd-spacer-module\"  data-units=\"px\" data-wide_resolution=\"1280\" data-wide_size=\"40\" data-normal_resolution=\"1024\" data-normal_size=\"40\" data-tablet_resolution=\"800\" data-tablet_size=\"40\" data-mobile_resolution=\"480\" data-mobile_size=\"40\" style=\"height: 40px;\"><\/div><div class=\"vc-row-wrapper vc_inner vc_row-fluid dfd-inner-row-69d99d2809cb2\"><div class=\"row wpb_row\"><div class=\"vc-column-hover-69d99d280a327 columns six\"><div class=\"wpb_wrapper\">\n\t<div class=\"wpb_text_column wpb_content_element \" >\n\t\t<div class=\"wpb_wrapper\">\n\t\t\t<section class=\"elementor-element elementor-element-39d99296 elementor-section-boxed elementor-section-height-default elementor-section-height-default elementor-section elementor-inner-section\" data-id=\"39d99296\" data-element_type=\"section\">\n<div class=\"elementor-container elementor-column-gap-default\">\n<div class=\"elementor-row\">\n<div class=\"elementor-element elementor-element-336c5ad elementor-column elementor-col-50 elementor-inner-column\" data-id=\"336c5ad\" data-element_type=\"column\">\n<div class=\"elementor-column-wrap elementor-element-populated\">\n<div class=\"elementor-widget-wrap\">\n<div class=\"elementor-element elementor-element-32b7b949 elementor-widget elementor-widget-text-editor\" data-id=\"32b7b949\" data-element_type=\"widget\" data-widget_type=\"text-editor.default\">\n<div class=\"elementor-widget-container\">\n<div class=\"elementor-text-editor elementor-clearfix\">\n<p class=\"p1\"><span class=\"s1\">In diesem Jahr \u00fcberraschte unser\u00a0JFV Hunsr\u00fcckh\u00f6he Morbach und\u00a0Sponsor E. Gr\u00e4ber Diamantwerkezeuge die Teilnehmer mit einem besonderen Highlight. Der\u00a0<b>1. FCK Profi Kacper Przybylko<\/b>\u00a0absolvierte eine Trainingseinheit mit anschlie\u00dfender Autogrammstunde. Die Bewunderung bei den Teilnehmern konnte man in den Augen ablesen, und f\u00fcr einen zus\u00e4tzlichen unvergesslichen Tag f\u00fcr die Kinder neben dem Ferien-Camp sorgen.<\/span><\/p>\n<p class=\"p1\"><span class=\"s1\">Ebenso gab es auch in diesem Jahr wieder ein neuer Rekord. \u00a0Im 6. Jahr des Feriencamps toppten wir den Anmelderekord um 5 weitere Teilnehmer, aufsage und schreibe 60!!!<\/span><\/p>\n<p class=\"p1\"><span class=\"s1\">Im Zeitraum vom 03.07.17 \u2013 06.07.17 durften sich die Teilnehmer im Alter zwischen 7-14 Jahren \u00fcber beste Trainingsbedingungen und deren Abl\u00e4ufe freuen.<\/span><\/p>\n<p class=\"p1\"><span class=\"s1\">Bei einer Anmeldegeb\u00fchr von unver\u00e4ndert 109 Euro gegen\u00fcber den Vorjahren erhielten die Kinder am 1. Tag des 4-t\u00e4gigen Events ein Trikotset incl. Beflockung Logo Sponsor und Vereinsname, ein Jako-Schuhbeutel sowie eine Trinkflasche unseres JFV HH Morbach.<\/span><\/p>\n<p class=\"p1\"><span class=\"s1\">Die darauffolgenden Trainingstage standen im Zeichen von Fu\u00dfball spezifischen Schwerpunkten wie Technik, Kopfball, Koordination und Torabschluss, sowie am Nachmittag mit Spiel \u2013 und Spassformen.<\/span><\/p>\n<\/div>\n<\/div>\n<\/div>\n<\/div>\n<\/div>\n<\/div>\n<\/div>\n<\/div>\n<\/section>\n\n\t\t<\/div> \n\t<\/div> <\/div><\/div><div class=\"vc-column-hover-69d99d280a835 columns six\"><div class=\"wpb_wrapper\">\n\t<div class=\"wpb_text_column wpb_content_element \" >\n\t\t<div class=\"wpb_wrapper\">\n\t\t\t<section class=\"elementor-element elementor-element-39d99296 elementor-section-boxed elementor-section-height-default elementor-section-height-default elementor-section elementor-inner-section\" data-id=\"39d99296\" data-element_type=\"section\">\n<div class=\"elementor-container elementor-column-gap-default\">\n<div class=\"elementor-row\">\n<div class=\"elementor-element elementor-element-336c5ad elementor-column elementor-col-50 elementor-inner-column\" data-id=\"336c5ad\" data-element_type=\"column\">\n<div class=\"elementor-column-wrap elementor-element-populated\">\n<div class=\"elementor-widget-wrap\">\n<div class=\"elementor-element elementor-element-32b7b949 elementor-widget elementor-widget-text-editor\" data-id=\"32b7b949\" data-element_type=\"widget\" data-widget_type=\"text-editor.default\">\n<div class=\"elementor-widget-container\">\n<div class=\"elementor-text-editor elementor-clearfix\">\n<section class=\"elementor-element elementor-element-77f860fe elementor-section-boxed elementor-section-height-default elementor-section-height-default elementor-section elementor-inner-section\" data-id=\"77f860fe\" data-element_type=\"section\">\n<div class=\"elementor-container elementor-column-gap-default\">\n<div class=\"elementor-row\">\n<div class=\"elementor-element elementor-element-627b8bf5 elementor-column elementor-col-50 elementor-inner-column\" data-id=\"627b8bf5\" data-element_type=\"column\">\n<div class=\"elementor-column-wrap elementor-element-populated\">\n<div class=\"elementor-widget-wrap\">\n<div class=\"elementor-element elementor-element-28b0cd6c elementor-widget elementor-widget-text-editor\" data-id=\"28b0cd6c\" data-element_type=\"widget\" data-widget_type=\"text-editor.default\">\n<div class=\"elementor-widget-container\">\n<div class=\"elementor-text-editor elementor-clearfix\">\n<p>Zum Ende des Events wurden in der Kategorie \u201eH\u00c4RTESTER SCHUSS\u201c, \u201cELFER-K\u00d6NIG\u201d und \u201eSCHNELLSTER SPIELER\u201c die jeweiligen Sieger in den Jahrg\u00e4ngen ausgezeichnet.<\/p>\n<p>Bei der Durchf\u00fchrung und Abnahme des DFB-Abzeichens in Gold, Silber und Bronze konnten alle Spieler die vorgegebenen Punktezahlen erreichen und somit Ihre Urkunden und Anstecknadeln in Empfang nehmen.<\/p>\n<p>Tolle Preise bei den Ehrungen wie 2 VIP- Karten f\u00fcr ein Basketball-Heimspiel des TBB Trier (gesponsert von Diamantwerkzeuge E. Gr\u00e4ber aus Stipshausen), sowie 2 Eintrittskarten f\u00fcr ein Heimspiel des 1. FC Kaiserslautern (gesponsert von Freaky-Devil-Piercing Tattoostudio in B\u00fcchenbeuren, Inh. Mathias B\u00f6sch). Des Weiteren gab es 2 Original Trikots des 1. FC Kaiserslautern mit Autogrammen aller Profis, handsigniert und weitere Sachpreise.<\/p>\n<p>Gro\u00dfen Dank gilt unserem Sponsor und Namensgeber E. Gr\u00e4ber Diamantwerkzeuge aus Stipshausen, der Pizzeria Lucania und Rewe in Morbach f\u00fcr Lieferung der Mittagessen \u00fcber die 4 Tage, dem SV Morbach f\u00fcr die Bereitstellung der Sportanlage, dem Tattoostudio Freaky-Devil-Piercing in B\u00fcchenbeuren, Inh. M. B\u00f6sch (f\u00fcr das Engagement von Profi Kacper Przybylko\u2026) und allen freiwilligen Helfern unseres JFV.<\/p>\n<\/div>\n<\/div>\n<\/div>\n<\/div>\n<\/div>\n<\/div>\n<\/div>\n<\/div>\n<\/section>\n<\/div>\n<\/div>\n<\/div>\n<\/div>\n<\/div>\n<\/div>\n<\/div>\n<\/div>\n<\/section>\n\n\t\t<\/div> \n\t<\/div> <\/div><\/div><\/div><\/div>\n\t\t<\/div> \n\t<\/div> \n<\/div><div class=\"dfd-row-bg-overlay\" style=\"opacity: 0.8;\"><\/div><\/div><div  class=\"vc_row vc-row-wrapper \" data-parallax_sense=\"30\"><div class=\"wpb_row row\" >\n\t<div class=\"twelve columns vc-column-extra-class-69d99d280b1db vc_custom_1579775621712\" data-parallax_sense=\"30\">\n\t\t<div class=\"wpb_wrapper\">\n\t\t\t\n\t<div class=\"wpb_text_column wpb_content_element \" >\n\t\t<div class=\"wpb_wrapper\">\n\t\t\t<h4 class=\"single-post-title entry-title\" style=\"text-align: center;\">Zur Bildergalerie<\/h4>\n\n\t\t<\/div> \n\t<\/div> \r\n\t<div class=\"wpb_single_image wpb_content_element vc_align_center  wpb_animate_when_almost_visible wpb_fadeIn fadeIn vc_custom_1578940178761 \" >\r\n\t\t<div class=\"wpb_wrapper\">\r\n\t\t\t\r\n\t\t\t<div class=\"vc_single_image-wrapper   vc_box_border_grey \" ><img loading=\"lazy\" decoding=\"async\" width=\"300\" height=\"51\" src=\"https:\/\/graeber-diamant.de\/wp-content\/uploads\/2020\/01\/seperator_red-300x51.png\" class=\"vc_single_image-img attachment-medium\" alt=\"\" title=\"seperator_red\" srcset=\"https:\/\/graeber-diamant.de\/wp-content\/uploads\/2020\/01\/seperator_red-300x51.png 300w, https:\/\/graeber-diamant.de\/wp-content\/uploads\/2020\/01\/seperator_red-768x130.png 768w, https:\/\/graeber-diamant.de\/wp-content\/uploads\/2020\/01\/seperator_red.png 864w\" sizes=\"(max-width: 300px) 100vw, 300px\" \/><\/div>\r\n\t\t\t\r\n\t\t<\/div>\r\n\t<\/div>\r\n\n\t\t<\/div> \n\t<\/div> \n<\/div><div class=\"dfd-row-bg-overlay\" style=\"opacity: 0.8;\"><\/div><\/div><div  class=\"vc_row vc-row-wrapper \" data-parallax_sense=\"30\"><div class=\"wpb_row row\" >\n\t<div class=\"twelve columns vc-column-extra-class-69d99d280bdd9\" data-parallax_sense=\"30\">\n\t\t<div class=\"wpb_wrapper\">\n\t\t\t<div class=\"dfd-module-wrapper\"><div class=\"dfd-gallery-loop dfd-gallery-module  masonry\" id=\"dfd-gallery-module-69d99d280beee\">\r\n\t<div class=\"dfd-gallery-wrap\">\r\n\t\t\t\t\r\n\t\t<div class=\"dfd-gallery dfd-gallery-masonry dfd-new-isotope \"  data-columns=\"1\" data-layout-style=\"masonry\" data-item=\"dfd-gallery-single-item\">\r\n\t\t\t\t\t\t<div class=\"dfd-gallery-single-item dfd-fade-out \" >\r\n\t\t\t\t\t<div class=\"cover text-center\">\r\n\t\t\t\t\t\t<div class=\"dfd-gallery-inner-wrap\">\r\n\t\t\t\t\t\t\t\r\n\t\t\t\t\t\t\t<div class=\"entry-thumb \">\r\n\t\t\t\t\t\t\t\t<img decoding=\"async\" src=\"https:\/\/graeber-diamant.de\/wp-content\/uploads\/2020\/01\/fc_2017.png\" alt=\"6. E. GR\u00c4BER DIAMANTWERKZEUGE FERIEN-CAMP 2017\"\/>\r\n\t\t\t\t\t\t\t\t\t\t\t\t\t\t\t\t<div class=\"portfolio-custom-hover\">\r\n\t\t\t\t\t<div class=\"title-wrap none\">\r\n\t\t\t\t\t\t\t\t\t\t\t<h6 class=\"widget-title\">\r\n\t\t\t\t\t\t\t<a href=\"https:\/\/graeber-diamant.de\/wp-content\/uploads\/2020\/01\/fc_2017.png\" data-thumb=\"https:\/\/graeber-diamant.de\/wp-content\/uploads\/2020\/01\/fc_2017-150x150.png\" title=\"\" data-rel=\"prettyPhoto[19169d99d280d37e]\">6. E. GR\u00c4BER DIAMANTWERKZEUGE FERIEN-CAMP 2017<\/a>\r\n\t\t\t\t\t\t<\/h6>\r\n\t\t\t\t\t\t\t\t\t\t\t\t\t\t<\/div>\r\n\t\t\t<div class=\"hide\"><a href=\"https:\/\/graeber-diamant.de\/wp-content\/uploads\/2020\/01\/fc_2017_31.png\" data-thumb=\"https:\/\/graeber-diamant.de\/wp-content\/uploads\/2020\/01\/fc_2017_31-150x150.png\" title=\"\" data-rel=\"prettyPhoto[19169d99d280d37e]\"><\/a><a href=\"https:\/\/graeber-diamant.de\/wp-content\/uploads\/2020\/01\/fc_2017_30.png\" data-thumb=\"https:\/\/graeber-diamant.de\/wp-content\/uploads\/2020\/01\/fc_2017_30-150x150.png\" title=\"\" data-rel=\"prettyPhoto[19169d99d280d37e]\"><\/a><a href=\"https:\/\/graeber-diamant.de\/wp-content\/uploads\/2020\/01\/fc_2017_29.png\" data-thumb=\"https:\/\/graeber-diamant.de\/wp-content\/uploads\/2020\/01\/fc_2017_29-150x150.png\" title=\"\" data-rel=\"prettyPhoto[19169d99d280d37e]\"><\/a><a href=\"https:\/\/graeber-diamant.de\/wp-content\/uploads\/2020\/01\/fc_2017_28.png\" data-thumb=\"https:\/\/graeber-diamant.de\/wp-content\/uploads\/2020\/01\/fc_2017_28-150x150.png\" title=\"\" data-rel=\"prettyPhoto[19169d99d280d37e]\"><\/a><a href=\"https:\/\/graeber-diamant.de\/wp-content\/uploads\/2020\/01\/fc_2017_27.png\" data-thumb=\"https:\/\/graeber-diamant.de\/wp-content\/uploads\/2020\/01\/fc_2017_27-150x150.png\" title=\"\" data-rel=\"prettyPhoto[19169d99d280d37e]\"><\/a><a href=\"https:\/\/graeber-diamant.de\/wp-content\/uploads\/2020\/01\/fc_2017_26.png\" data-thumb=\"https:\/\/graeber-diamant.de\/wp-content\/uploads\/2020\/01\/fc_2017_26-150x150.png\" title=\"\" data-rel=\"prettyPhoto[19169d99d280d37e]\"><\/a><a href=\"https:\/\/graeber-diamant.de\/wp-content\/uploads\/2020\/01\/fc_2017_25.png\" data-thumb=\"https:\/\/graeber-diamant.de\/wp-content\/uploads\/2020\/01\/fc_2017_25-150x150.png\" title=\"\" data-rel=\"prettyPhoto[19169d99d280d37e]\"><\/a><a href=\"https:\/\/graeber-diamant.de\/wp-content\/uploads\/2020\/01\/fc_2017_24.png\" data-thumb=\"https:\/\/graeber-diamant.de\/wp-content\/uploads\/2020\/01\/fc_2017_24-150x150.png\" title=\"\" data-rel=\"prettyPhoto[19169d99d280d37e]\"><\/a><a href=\"https:\/\/graeber-diamant.de\/wp-content\/uploads\/2020\/01\/fc_2017_23.png\" data-thumb=\"https:\/\/graeber-diamant.de\/wp-content\/uploads\/2020\/01\/fc_2017_23-150x150.png\" title=\"\" data-rel=\"prettyPhoto[19169d99d280d37e]\"><\/a><a href=\"https:\/\/graeber-diamant.de\/wp-content\/uploads\/2020\/01\/fc_2017_22.png\" data-thumb=\"https:\/\/graeber-diamant.de\/wp-content\/uploads\/2020\/01\/fc_2017_22-150x150.png\" title=\"\" data-rel=\"prettyPhoto[19169d99d280d37e]\"><\/a><a href=\"https:\/\/graeber-diamant.de\/wp-content\/uploads\/2020\/01\/fc_2017_21.png\" data-thumb=\"https:\/\/graeber-diamant.de\/wp-content\/uploads\/2020\/01\/fc_2017_21-150x150.png\" title=\"\" data-rel=\"prettyPhoto[19169d99d280d37e]\"><\/a><a href=\"https:\/\/graeber-diamant.de\/wp-content\/uploads\/2020\/01\/fc_2017_20.png\" data-thumb=\"https:\/\/graeber-diamant.de\/wp-content\/uploads\/2020\/01\/fc_2017_20-150x150.png\" title=\"\" data-rel=\"prettyPhoto[19169d99d280d37e]\"><\/a><a href=\"https:\/\/graeber-diamant.de\/wp-content\/uploads\/2020\/01\/fc_2017_19.png\" data-thumb=\"https:\/\/graeber-diamant.de\/wp-content\/uploads\/2020\/01\/fc_2017_19-150x150.png\" title=\"\" data-rel=\"prettyPhoto[19169d99d280d37e]\"><\/a><a href=\"https:\/\/graeber-diamant.de\/wp-content\/uploads\/2020\/01\/fc_2017_18.png\" data-thumb=\"https:\/\/graeber-diamant.de\/wp-content\/uploads\/2020\/01\/fc_2017_18-150x150.png\" title=\"\" data-rel=\"prettyPhoto[19169d99d280d37e]\"><\/a><a href=\"https:\/\/graeber-diamant.de\/wp-content\/uploads\/2020\/01\/fc_2017_17.png\" data-thumb=\"https:\/\/graeber-diamant.de\/wp-content\/uploads\/2020\/01\/fc_2017_17-150x150.png\" title=\"\" data-rel=\"prettyPhoto[19169d99d280d37e]\"><\/a><a href=\"https:\/\/graeber-diamant.de\/wp-content\/uploads\/2020\/01\/fc_2017_16.png\" data-thumb=\"https:\/\/graeber-diamant.de\/wp-content\/uploads\/2020\/01\/fc_2017_16-150x150.png\" title=\"\" data-rel=\"prettyPhoto[19169d99d280d37e]\"><\/a><a href=\"https:\/\/graeber-diamant.de\/wp-content\/uploads\/2020\/01\/fc_2017_15.png\" data-thumb=\"https:\/\/graeber-diamant.de\/wp-content\/uploads\/2020\/01\/fc_2017_15-150x150.png\" title=\"\" data-rel=\"prettyPhoto[19169d99d280d37e]\"><\/a><a href=\"https:\/\/graeber-diamant.de\/wp-content\/uploads\/2020\/01\/fc_2017_14.png\" data-thumb=\"https:\/\/graeber-diamant.de\/wp-content\/uploads\/2020\/01\/fc_2017_14-150x150.png\" title=\"\" data-rel=\"prettyPhoto[19169d99d280d37e]\"><\/a><a href=\"https:\/\/graeber-diamant.de\/wp-content\/uploads\/2020\/01\/fc_2017_13.png\" data-thumb=\"https:\/\/graeber-diamant.de\/wp-content\/uploads\/2020\/01\/fc_2017_13-150x150.png\" title=\"\" data-rel=\"prettyPhoto[19169d99d280d37e]\"><\/a><a href=\"https:\/\/graeber-diamant.de\/wp-content\/uploads\/2020\/01\/fc_2017_12.png\" data-thumb=\"https:\/\/graeber-diamant.de\/wp-content\/uploads\/2020\/01\/fc_2017_12-150x150.png\" title=\"\" data-rel=\"prettyPhoto[19169d99d280d37e]\"><\/a><a href=\"https:\/\/graeber-diamant.de\/wp-content\/uploads\/2020\/01\/fc_2017_11.png\" data-thumb=\"https:\/\/graeber-diamant.de\/wp-content\/uploads\/2020\/01\/fc_2017_11-150x150.png\" title=\"\" data-rel=\"prettyPhoto[19169d99d280d37e]\"><\/a><a href=\"https:\/\/graeber-diamant.de\/wp-content\/uploads\/2020\/01\/fc_2017_10.png\" data-thumb=\"https:\/\/graeber-diamant.de\/wp-content\/uploads\/2020\/01\/fc_2017_10-150x150.png\" title=\"\" data-rel=\"prettyPhoto[19169d99d280d37e]\"><\/a><a href=\"https:\/\/graeber-diamant.de\/wp-content\/uploads\/2020\/01\/fc_2017_09.png\" data-thumb=\"https:\/\/graeber-diamant.de\/wp-content\/uploads\/2020\/01\/fc_2017_09-150x150.png\" title=\"\" data-rel=\"prettyPhoto[19169d99d280d37e]\"><\/a><a href=\"https:\/\/graeber-diamant.de\/wp-content\/uploads\/2020\/01\/fc_2017_08.png\" data-thumb=\"https:\/\/graeber-diamant.de\/wp-content\/uploads\/2020\/01\/fc_2017_08-150x150.png\" title=\"\" data-rel=\"prettyPhoto[19169d99d280d37e]\"><\/a><a href=\"https:\/\/graeber-diamant.de\/wp-content\/uploads\/2020\/01\/fc_2017_07.png\" data-thumb=\"https:\/\/graeber-diamant.de\/wp-content\/uploads\/2020\/01\/fc_2017_07-150x150.png\" title=\"\" data-rel=\"prettyPhoto[19169d99d280d37e]\"><\/a><a href=\"https:\/\/graeber-diamant.de\/wp-content\/uploads\/2020\/01\/fc_2017_06.png\" data-thumb=\"https:\/\/graeber-diamant.de\/wp-content\/uploads\/2020\/01\/fc_2017_06-150x150.png\" title=\"\" data-rel=\"prettyPhoto[19169d99d280d37e]\"><\/a><a href=\"https:\/\/graeber-diamant.de\/wp-content\/uploads\/2020\/01\/fc_2017_05.png\" data-thumb=\"https:\/\/graeber-diamant.de\/wp-content\/uploads\/2020\/01\/fc_2017_05-150x150.png\" title=\"\" data-rel=\"prettyPhoto[19169d99d280d37e]\"><\/a><a href=\"https:\/\/graeber-diamant.de\/wp-content\/uploads\/2020\/01\/fc_2017_04.png\" data-thumb=\"https:\/\/graeber-diamant.de\/wp-content\/uploads\/2020\/01\/fc_2017_04-150x150.png\" title=\"\" data-rel=\"prettyPhoto[19169d99d280d37e]\"><\/a><a href=\"https:\/\/graeber-diamant.de\/wp-content\/uploads\/2020\/01\/fc_2017_03.png\" data-thumb=\"https:\/\/graeber-diamant.de\/wp-content\/uploads\/2020\/01\/fc_2017_03-150x150.png\" title=\"\" data-rel=\"prettyPhoto[19169d99d280d37e]\"><\/a><a href=\"https:\/\/graeber-diamant.de\/wp-content\/uploads\/2020\/01\/fc_2017_02.png\" data-thumb=\"https:\/\/graeber-diamant.de\/wp-content\/uploads\/2020\/01\/fc_2017_02-150x150.png\" title=\"\" data-rel=\"prettyPhoto[19169d99d280d37e]\"><\/a><a href=\"https:\/\/graeber-diamant.de\/wp-content\/uploads\/2020\/01\/fc_2017_01.png\" data-thumb=\"https:\/\/graeber-diamant.de\/wp-content\/uploads\/2020\/01\/fc_2017_01-150x150.png\" title=\"\" data-rel=\"prettyPhoto[19169d99d280d37e]\"><\/a><\/div><\/div>\t\t\t\t\t\t\t<\/div>\r\n\r\n\t\t\t\t\t\t\t\t\t\t\t\t\t<\/div>\r\n\t\t\t\t\t<\/div>\r\n\t\t\t\t<\/div>\r\n\t\t\t\t\t<\/div>\r\n\t<\/div>\r\n<\/div>\r\n<script type=\"text\/javascript\">\r\n\t\t\t\t\t\t\t\t(function($) {$(\"head\").append(\"<style>#dfd-gallery-module-69d99d280beee .dfd-gallery {margin: -10px;}#dfd-gallery-module-69d99d280beee .dfd-gallery .cover {padding: 10px;}<\/style>\");if(typeof $.fn.initTaxonomyIsotope !== \"undefined\") {\r\n\t\t\t\t\t$(\"#dfd-gallery-module-69d99d280beee .dfd-new-isotope\").initTaxonomyIsotope();\r\n\t\t\t\t}})(jQuery);\r\n\t\t\t\t\t\t\t<\/script><\/div>\n\t\t<\/div> \n\t<\/div> \n<\/div><div class=\"dfd-row-bg-overlay\" style=\"opacity: 0.8;\"><\/div><\/div>\n<\/div>","protected":false},"excerpt":{"rendered":"","protected":false},"author":1,"featured_media":0,"parent":0,"menu_order":0,"comment_status":"closed","ping_status":"closed","template":"page-custom-with-header.php","meta":{"footnotes":""},"class_list":["post-24","page","type-page","status-publish","hentry"],"_links":{"self":[{"href":"https:\/\/graeber-diamant.de\/en\/wp-json\/wp\/v2\/pages\/24"}],"collection":[{"href":"https:\/\/graeber-diamant.de\/en\/wp-json\/wp\/v2\/pages"}],"about":[{"href":"https:\/\/graeber-diamant.de\/en\/wp-json\/wp\/v2\/types\/page"}],"author":[{"embeddable":true,"href":"https:\/\/graeber-diamant.de\/en\/wp-json\/wp\/v2\/users\/1"}],"replies":[{"embeddable":true,"href":"https:\/\/graeber-diamant.de\/en\/wp-json\/wp\/v2\/comments?post=24"}],"version-history":[{"count":7,"href":"https:\/\/graeber-diamant.de\/en\/wp-json\/wp\/v2\/pages\/24\/revisions"}],"predecessor-version":[{"id":155,"href":"https:\/\/graeber-diamant.de\/en\/wp-json\/wp\/v2\/pages\/24\/revisions\/155"}],"wp:attachment":[{"href":"https:\/\/graeber-diamant.de\/en\/wp-json\/wp\/v2\/media?parent=24"}],"curies":[{"name":"wp","href":"https:\/\/api.w.org\/{rel}","templated":true}]}}